{"id":1095,"date":"2009-10-21T15:09:38","date_gmt":"2009-10-21T19:09:38","guid":{"rendered":"http:\/\/mookseandgripes.com\/reviews\/?page_id=1095"},"modified":"2015-11-02T12:45:12","modified_gmt":"2015-11-02T16:45:12","slug":"nobel-winners","status":"publish","type":"page","link":"https:\/\/mookseandgripes.com\/reviews\/nobel-prize-in-literature\/nobel-winners\/","title":{"rendered":"Nobel Winners"},"content":{"rendered":"<p>2015 &#8212; Svetlana Alexievich<br \/>\n2014 &#8212; Patrick Modiano<br \/>\n2013 &#8212; <a title=\"Mookse Reviews of Alice Munro's Work\" href=\"http:\/\/mookseandgripes.com\/reviews\/category\/munro-alice\/\" target=\"_blank\">Alice Munro<\/a><br \/>\n2012 &#8212; Mo Yan<br \/>\n2011 &#8212; Tomas Transtr\u00f6mer<br \/>\n2010 &#8212; Mario Vargas Llosa<br \/>\n2009 &#8212; Herta M\u00fcller<br \/>\n2008 &#8212; <a title=\"Mookse Reviews of J.M.G. Le Clezio\" href=\"http:\/\/mookseandgripes.com\/reviews\/category\/le-clezio-j-m-g\/\" target=\"_self\">Jean-Marie Gustave Le Cl\u00e9zio<\/a><br \/>\n2007 &#8212; Doris Lessing<br \/>\n2006 &#8212; Orhan Pamuk<br \/>\n2005 &#8212; Harold Pinter<br \/>\n2004 &#8212; <a title=\"Mookse Reviews of Books by Elfriede Jelinek\" href=\"http:\/\/mookseandgripes.com\/reviews\/category\/jelinek-elfriede\/\">Elfriede Jelinek<\/a><br \/>\n2003 &#8212; <a title=\"Mookse Reviews of J.M. Coetzee\" href=\"http:\/\/mookseandgripes.com\/reviews\/category\/coetzee-jm\/\" target=\"_self\">J.M. Coetzee<\/a><br \/>\n2002 &#8212; <a title=\"Mookse Reviews of Imre Kertesz\" href=\"http:\/\/mookseandgripes.com\/reviews\/category\/kertesz-imre\/\" target=\"_self\">Imre Kert\u00e9sz<\/a><br \/>\n2001 &#8212; V.S. Naipaul<br \/>\n2000 &#8212; Gao Xingjian<br \/>\n1999 &#8212; G\u00fcnter Grass<br \/>\n1998 &#8212; Jos\u00e9 Saramago<br \/>\n1997 &#8212; Dario Fo<br \/>\n1996 &#8212; Wislawa Szymborska<br \/>\n1995 &#8212; <a href=\"http:\/\/mookseandgripes.com\/reviews\/category\/heaney-seamus\/\" target=\"_blank\">Seamus Heaney<\/a><br \/>\n1994 &#8212; Kenzaburo Oe<br \/>\n1993 &#8212; Toni Morrison<br \/>\n1992 &#8212; <a title=\"Mookse Reviews of Derek Walcott\" href=\"http:\/\/mookseandgripes.com\/reviews\/category\/walcott-derek\/\" target=\"_self\">Derek Walcott<\/a><br \/>\n1991 &#8212; <a title=\"Mookse Reviews of Nadine Gordimer\" href=\"http:\/\/mookseandgripes.com\/reviews\/category\/gordimer-nadine\/\" target=\"_self\">Nadine Gordimer<\/a><br \/>\n1990 &#8212; Octavio Paz<br \/>\n1989 &#8212; Camilo Jos\u00e9 Cela<br \/>\n1988 &#8212; Naguib Mahfouz<br \/>\n1987 &#8212; Joseph Brodsky<br \/>\n1986 &#8212; Wole Soyinka<br \/>\n1985 &#8212; Claude Simon<br \/>\n1984 &#8212; Jaroslav Seifert<br \/>\n1983 &#8212; William Golding<br \/>\n1982 &#8212; Gabriel Garc\u00eda M\u00e1rquez<br \/>\n1981 &#8212; Elias Canetti<br \/>\n1980 &#8212; Czeslaw Milosz<br \/>\n1979 &#8212; Odysseus Elytis<br \/>\n1978 &#8212; Isaac Bashevis Singer<br \/>\n1977 &#8212; Vicente Aleixandre<br \/>\n1976 &#8212; <a title=\"Mookse Reviews of Saul Bellow\" href=\"http:\/\/mookseandgripes.com\/reviews\/category\/bellow-saul\/\" target=\"_self\">Saul Bellow<\/a><br \/>\n1975 &#8212; Eugenio Montale<br \/>\n1974 &#8212; Eyvind Johnson, Harry Martinson<br \/>\n1973 &#8212; Patrick White<br \/>\n1972 &#8212; <a title=\"Mookse Reviews of Heinrich B\u00f6ll\" href=\"http:\/\/mookseandgripes.com\/reviews\/category\/boll-heinrich\/\" target=\"_self\">Heinrich B\u00f6ll<br \/>\n<\/a>1971 &#8212; Pablo Neruda<br \/>\n1970 &#8212; Alexandr Solzhenitsyn<br \/>\n1969 &#8212; Samuel Beckett<br \/>\n1968 &#8212; Yasunari Kawabata<br \/>\n1967 &#8212; Miguel Angel Asturias<br \/>\n1966 &#8212; Shmuel Agnon, Nelly Sachs<br \/>\n1965 &#8212; Mikhail Sholokhov<br \/>\n1964 &#8212; Jean-Paul Sartre<br \/>\n1963 &#8212; Giorgos Seferis<br \/>\n1962 &#8212; John Steinbeck<br \/>\n1961 &#8212; Ivo Andric<br \/>\n1960 &#8212; Saint-John Perse<br \/>\n1959 &#8212; Salvatore Quasimodo<br \/>\n1958 &#8212; Boris Pasternak<br \/>\n1957 &#8212; <a title=\"Mookse Reviews of Albert Camus\" href=\"http:\/\/mookseandgripes.com\/reviews\/category\/camus-albert\/\" target=\"_self\">Albert Camus<\/a><br \/>\n1956 &#8212; Juan Ram\u00f3n Jim\u00e9nez<br \/>\n1955 &#8212; Halld\u00f3r Laxness<br \/>\n1954 &#8212; Ernest Hemingway<br \/>\n1953 &#8212; Winston Churchill<br \/>\n1952 &#8212; Fran\u00e7ois Mauriac<br \/>\n1951 &#8212; P\u00e4r Lagerkvist<br \/>\n1950 &#8212; Bertrand Russell<br \/>\n1949 &#8212; William Faulkner<br \/>\n1948 &#8212; <a title=\"Mookse Reviews of T.S. Eliot\" href=\"http:\/\/mookseandgripes.com\/reviews\/category\/eliot-t-s\/\" target=\"_self\">T.S. Eliot<\/a><br \/>\n1947 &#8212; Andr\u00e9 Gide<br \/>\n1946 &#8212; Hermann Hesse<br \/>\n1945 &#8212; Gabriela Mistral<br \/>\n1944 &#8212; Johannes V. Jensen<br \/>\n1943 &#8212; No Prize<br \/>\n1942 &#8212; No Prize<br \/>\n1941 &#8212; No Prize<br \/>\n1940 &#8212; No Prize<br \/>\n1939 &#8212; Frans Eemil Sillanp\u00e4\u00e4<br \/>\n1938 &#8212; Pearl Buck<br \/>\n1937 &#8212; Roger Martin du Gard<br \/>\n1936 &#8212; Eugene O&#8217;Neill<br \/>\n1935 &#8212; No Prize<br \/>\n1934 &#8212; Luigi Pirandello<br \/>\n1933 &#8212; Ivan Bunin<br \/>\n1932 &#8212; John Galsworthy<br \/>\n1931 &#8212; Erik Axel Karlfeldt<br \/>\n1930 &#8212; Sinclair Lewis<br \/>\n1929 &#8212; Thomas Mann<br \/>\n1928 &#8212; Sigrid Undset<br \/>\n1927 &#8212; Henri Bergson<br \/>\n1926 &#8212; Grazia Deledda<br \/>\n1925 &#8212; George Bernard Shaw<br \/>\n1924 &#8212; Wladyslaw Remont<br \/>\n1923 &#8212; <a title=\"Mookse Reviews of W.B. Yeats\" href=\"http:\/\/mookseandgripes.com\/reviews\/category\/yeats-w-b\/\" target=\"_self\">William Butler Yeats<\/a><br \/>\n1922 &#8212; Jacinto Benavente<br \/>\n1921 &#8212; Anatole France<br \/>\n1920 &#8212; <a title=\"Mookse Reviews of Knut Hamsun\" href=\"http:\/\/mookseandgripes.com\/reviews\/category\/hamsun-knut\/\" target=\"_self\">Knut Hamsun<\/a><br \/>\n1919 &#8212; Carl Spitteler<br \/>\n1918 &#8212; No Prize<br \/>\n1917 &#8212; Karl Gjellerup, Henrik Pontoppidan<br \/>\n1916 &#8212; Verner von Heidenstam<br \/>\n1915 &#8212; Romain Rolland<br \/>\n1914 &#8212; No Prize<br \/>\n1913 &#8212; Rabindranath Tagore<br \/>\n1912 &#8212; Gerhart Hauptmann<br \/>\n1911 &#8212; Maurice Maeterlinck<br \/>\n1910 &#8212; Paul Heyse<br \/>\n1909 &#8212; Selma Lagerl\u00f6f<br \/>\n1908 &#8212; Rudolf Eucken<br \/>\n1907 &#8212; Rudyard Kipling<br \/>\n1906 &#8212; Giosu\u00e8 Carducci<br \/>\n1905 &#8212; Henryk Sienkiewicz<br \/>\n1904 &#8212; Fr\u00e9d\u00e9ric Mistral, Jos\u00e9 Echegaray<br \/>\n1903 &#8212; Bj\u00f8rnstjerne Bj\u00f8rnson<br \/>\n1902 &#8212; Theodor Mommsen<br \/>\n1901 &#8212; Sully Prudhomme<\/p>\n","protected":false},"excerpt":{"rendered":"<p>2015 &#8212; Svetlana Alexievich 2014 &#8212; Patrick Modiano 2013 &#8212; Alice Munro 2012 &#8212; Mo Yan 2011 &#8212; Tomas Transtr\u00f6mer 2010 &#8212; Mario Vargas Llosa 2009 &#8212; Herta M\u00fcller 2008 &#8212; Jean-Marie Gustave Le Cl\u00e9zio 2007 &#8212; Doris Lessing 2006 &#8212; Orhan Pamuk 2005 &#8212; Harold Pinter 2004 &#8212; Elfriede Jelinek 2003 &#8212; J.M. Coetzee [&hellip;]<\/p>\n","protected":false},"author":1,"featured_media":0,"parent":571,"menu_order":0,"comment_status":"open","ping_status":"open","template":"","meta":{"libsyn-item-id":0,"libsyn-show-id":0,"libsyn-post-error":"","libsyn-post-error_post-type":"","libsyn-post-error_post-permissions":"","libsyn-post-error_api":"","playlist-podcast-url":"","libsyn-episode-thumbnail":"","libsyn-episode-widescreen_image":"","libsyn-episode-blog_image":"","libsyn-episode-background_image":"","libsyn-post-episode-category-selection":"","libsyn-post-episode-player_use_thumbnail":"","libsyn-post-episode-player_use_theme":"","libsyn-post-episode-player_height":"","libsyn-post-episode-player_width":"","libsyn-post-episode-player_placement":"","libsyn-post-episode-player_use_download_link":"","libsyn-post-episode-player_use_download_link_text":"","libsyn-post-episode-player_custom_color":"","libsyn-post-episode-itunes-explicit":"","libsyn-post-episode":"","libsyn-post-episode-update-id3":"","libsyn-post-episode-release-date":"","libsyn-post-episode-simple-download":"","libsyn-release-date":"","libsyn-post-update-release-date":"","libsyn-is_draft":"","libsyn-new-media-media":"","libsyn-post-episode-subtitle":"","libsyn-new-media-image":"","libsyn-post-episode-keywords":"","libsyn-post-itunes":"","libsyn-post-episode-itunes-episode-number":"","libsyn-post-episode-itunes-season-number":"","libsyn-post-episode-itunes-episode-type":"","libsyn-post-episode-itunes-episode-title":"","libsyn-post-episode-itunes-episode-author":"","libsyn-destination-releases":"","libsyn-post-episode-advanced-destination-form-data":"","libsyn-post-episode-advanced-destination-form-data-enabled":"","libsyn-post-episode-advanced-destination-form-data-input-enabled":false,"libsyn-post-episode-premium_state":"","libsyn-episode-shortcode":"","libsyn-episode-embedurl":"","_monsterinsights_skip_tracking":false,"_monsterinsights_sitenote_active":false,"_monsterinsights_sitenote_note":"","_monsterinsights_sitenote_category":0,"jetpack_post_was_ever_published":false,"footnotes":""},"coauthors":[505],"class_list":["post-1095","page","type-page","status-publish","hentry"],"jetpack_shortlink":"https:\/\/wp.me\/PqqvZ-hF","jetpack_sharing_enabled":true,"jetpack_likes_enabled":false,"_links":{"self":[{"href":"https:\/\/mookseandgripes.com\/reviews\/wp-json\/wp\/v2\/pages\/1095","targetHints":{"allow":["GET"]}}],"collection":[{"href":"https:\/\/mookseandgripes.com\/reviews\/wp-json\/wp\/v2\/pages"}],"about":[{"href":"https:\/\/mookseandgripes.com\/reviews\/wp-json\/wp\/v2\/types\/page"}],"author":[{"embeddable":true,"href":"https:\/\/mookseandgripes.com\/reviews\/wp-json\/wp\/v2\/users\/1"}],"replies":[{"embeddable":true,"href":"https:\/\/mookseandgripes.com\/reviews\/wp-json\/wp\/v2\/comments?post=1095"}],"version-history":[{"count":17,"href":"https:\/\/mookseandgripes.com\/reviews\/wp-json\/wp\/v2\/pages\/1095\/revisions"}],"predecessor-version":[{"id":16924,"href":"https:\/\/mookseandgripes.com\/reviews\/wp-json\/wp\/v2\/pages\/1095\/revisions\/16924"}],"up":[{"embeddable":true,"href":"https:\/\/mookseandgripes.com\/reviews\/wp-json\/wp\/v2\/pages\/571"}],"wp:attachment":[{"href":"https:\/\/mookseandgripes.com\/reviews\/wp-json\/wp\/v2\/media?parent=1095"}],"wp:term":[{"taxonomy":"author","embeddable":true,"href":"https:\/\/mookseandgripes.com\/reviews\/wp-json\/wp\/v2\/coauthors?post=1095"}],"curies":[{"name":"wp","href":"https:\/\/api.w.org\/{rel}","templated":true}]}}